{"id":26,"date":"2020-01-15T14:12:20","date_gmt":"2020-01-15T14:12:20","guid":{"rendered":"https:\/\/gelmersmotorsport.com\/?page_id=26"},"modified":"2023-02-19T18:50:57","modified_gmt":"2023-02-19T18:50:57","slug":"over-ons","status":"publish","type":"page","link":"https:\/\/gelmersmotorsport.com\/en_gb\/over-ons\/","title":{"rendered":"About us"},"content":{"rendered":"<div class=\"wp-block-columns is-layout-flex wp-container-core-columns-is-layout-28f84493 wp-block-columns-is-layout-flex\">\n<div class=\"wp-block-column is-layout-flow wp-block-column-is-layout-flow\">\n<p>Gelmersmotorsport is een eenmansbedrijf dat zich gericht op de (quad)motorsport, waarbij zowel ontwerp als fabricage aan bod komen.<\/p>\n\n\n\n<p>In 2012 is er gestart als deelnemer in de quadsport en snel begon de zoektocht naar wedstrijd geori\u00ebnteerde onderdelen. Dit bleek niet eenvoudig. Hier was in onze ogen maar \u00e9\u00e9n oplossing: zelf produceren.<\/p>\n<\/div>\n\n\n\n<div class=\"wp-block-column is-layout-flow wp-block-column-is-layout-flow\">\n<figure class=\"wp-block-image size-medium\"><img loading=\"lazy\" decoding=\"async\" width=\"200\" height=\"300\" src=\"https:\/\/gelmersmotorsport.com\/wp-content\/uploads\/2020\/01\/DSC_0955-min.jpg\" alt=\"\" class=\"wp-image-904\" srcset=\"https:\/\/gelmersmotorsport.com\/wp-content\/uploads\/2020\/01\/DSC_0955-min.jpg 1630w, https:\/\/gelmersmotorsport.com\/wp-content\/uploads\/2020\/01\/DSC_0955-min-200x300.jpg 200w, https:\/\/gelmersmotorsport.com\/wp-content\/uploads\/2020\/01\/DSC_0955-min-682x1024.jpg 682w, https:\/\/gelmersmotorsport.com\/wp-content\/uploads\/2020\/01\/DSC_0955-min-768x1153.jpg 768w, https:\/\/gelmersmotorsport.com\/wp-content\/uploads\/2020\/01\/DSC_0955-min-1023x1536.jpg 1023w, https:\/\/gelmersmotorsport.com\/wp-content\/uploads\/2020\/01\/DSC_0955-min-1364x2048.jpg 1364w\" sizes=\"auto, (max-width: 200px) 100vw, 200px\" \/><\/figure>\n<\/div>\n<\/div>\n\n\n\n<p>Dit heeft zo goed uitgepakt dat in 2017 werd besloten om deel te nemen aan het Nederlands kampioenschap onder de vlag van de KNMV (Koninklijke Nederlandse Motorrijders Vereniging). Hier gooide Gelmersmotorsport snel hoge ogen door met een verouderde machine aan de kop mee te kunnen draaien. Het streven naar een perfect sturende machine is een uitkomst.<\/p>\n\n\n\n<p>Door de toenemende interesse en reeds geproduceerde onderdelen is besloten om vanuit Gelmersmotorsport producten aan te bieden voor de collega quad rijders en tevens onze werkzaamheden voort te zetten. <\/p>","protected":false},"excerpt":{"rendered":"<p>Gelmersmotorsport is een eenmansbedrijf dat zich gericht op de (quad)motorsport, waarbij zowel ontwerp als fabricage aan bod komen. In 2012 is er gestart als deelnemer in de quadsport en snel begon de zoektocht naar wedstrijd geori\u00ebnteerde onderdelen. Dit bleek niet eenvoudig. Hier was in onze ogen maar \u00e9\u00e9n oplossing: zelf [&hellip;]<\/p>\n","protected":false},"author":3,"featured_media":0,"parent":0,"menu_order":0,"comment_status":"closed","ping_status":"closed","template":"","meta":{"_monsterinsights_skip_tracking":false,"_monsterinsights_sitenote_active":false,"_monsterinsights_sitenote_note":"","_monsterinsights_sitenote_category":0,"footnotes":""},"class_list":["post-26","page","type-page","status-publish","hentry"],"aioseo_notices":[],"jetpack_sharing_enabled":true,"_links":{"self":[{"href":"https:\/\/gelmersmotorsport.com\/en_gb\/wp-json\/wp\/v2\/pages\/26","targetHints":{"allow":["GET"]}}],"collection":[{"href":"https:\/\/gelmersmotorsport.com\/en_gb\/wp-json\/wp\/v2\/pages"}],"about":[{"href":"https:\/\/gelmersmotorsport.com\/en_gb\/wp-json\/wp\/v2\/types\/page"}],"author":[{"embeddable":true,"href":"https:\/\/gelmersmotorsport.com\/en_gb\/wp-json\/wp\/v2\/users\/3"}],"replies":[{"embeddable":true,"href":"https:\/\/gelmersmotorsport.com\/en_gb\/wp-json\/wp\/v2\/comments?post=26"}],"version-history":[{"count":7,"href":"https:\/\/gelmersmotorsport.com\/en_gb\/wp-json\/wp\/v2\/pages\/26\/revisions"}],"predecessor-version":[{"id":1433,"href":"https:\/\/gelmersmotorsport.com\/en_gb\/wp-json\/wp\/v2\/pages\/26\/revisions\/1433"}],"wp:attachment":[{"href":"https:\/\/gelmersmotorsport.com\/en_gb\/wp-json\/wp\/v2\/media?parent=26"}],"curies":[{"name":"wp","href":"https:\/\/api.w.org\/{rel}","templated":true}]}}